{"id":422,"date":"2015-04-09T17:16:04","date_gmt":"2015-04-09T16:16:04","guid":{"rendered":"http:\/\/www.pomerland.com\/wp\/?page_id=422"},"modified":"2019-09-25T18:10:30","modified_gmt":"2019-09-25T17:10:30","slug":"bh-2","status":"publish","type":"page","link":"http:\/\/www.pomerland.com\/wp\/es\/bh-2\/","title":{"rendered":"BH"},"content":{"rendered":"<p><\/p>\n<h4>Ghorgolyan de Pomerland<\/h4>\n<p>El d\u00eda 16 de Enero de 2016 <strong>Ghorgolyan de Pomerland<\/strong> fue presentado por su gu\u00eda <strong>Elisa Lillo<\/strong> a la prueba de <strong>BH<\/strong> celebrada en el <strong>Centro Deportivo CCAM99<\/strong>. Su puntuaci\u00f3n fue <strong>APTO<\/strong>.<\/p>\n<p style=\"text-align: center;\"><a href=\"http:\/\/www.pomerland.com\/wp\/wp-content\/uploads\/2018\/03\/GhorgolyanBH.jpg\"><img loading=\"lazy\" decoding=\"async\" class=\"alignnone wp-image-1425 size-thumbnail\" src=\"http:\/\/www.pomerland.com\/wp\/wp-content\/uploads\/2018\/03\/GhorgolyanBH-160x120.jpg\" alt=\"Ghorgolyan de Pomerland-BH\" width=\"160\" height=\"120\" \/><\/a><\/p>\n<h4>Dakota de Pomerland<\/h4>\n<p>El dia 04 de Abril de 2004 <strong>Dakota de Pomerland <\/strong>se present\u00f3 a la prueba de <strong>BH<\/strong> celebrada en el <strong>Centro Canino Bravel<\/strong> obteniendo una puntuaci\u00f3n de <strong>58 puntos<\/strong> sobre 60 y clasificandose en <strong>primera posici\u00f3n<\/strong>.<\/p>\n<p>Empieza aqu\u00ed para <strong>Pomerland<\/strong> una nueva fase en el mundo del trabajo deportivo en el que esperamos obtener buenos resultados a medio plazo , no sin mucho esfuerzo y sacrificio.<\/p>\n<p style=\"text-align: center;\"><a href=\"http:\/\/www.pomerland.com\/wp\/wp-content\/uploads\/2015\/04\/dakota.jpg\"><img loading=\"lazy\" decoding=\"async\" width=\"160\" height=\"120\" class=\"alignnone size-thumbnail wp-image-413\" src=\"http:\/\/www.pomerland.com\/wp\/wp-content\/uploads\/2015\/04\/dakota-160x120.jpg\" alt=\"Dakota de Pomerland\" \/><\/a><\/p>\n<h4>Noris de Pomerland<\/h4>\n<p>El d\u00eda 10 de Junio de 2006 <span class=\"verde\">Noris de Pomerand<\/span> obtuvo <strong>58 puntos<\/strong> de 60 posibles en la Prueba de Work BH celebrada en el <strong>Centro Canino Bocalan<\/strong> de Navalcarnero, Madrid, clasificandose en <strong>2\u00aa posici\u00f3n<\/strong>.<\/p>\n<p style=\"text-align: center;\"><a href=\"http:\/\/www.pomerland.com\/wp\/wp-content\/uploads\/2015\/04\/noris.jpg\"><img loading=\"lazy\" decoding=\"async\" width=\"160\" height=\"120\" class=\"alignnone size-thumbnail wp-image-416\" src=\"http:\/\/www.pomerland.com\/wp\/wp-content\/uploads\/2015\/04\/noris-160x120.jpg\" alt=\"Noris de Pomerland\" srcset=\"http:\/\/www.pomerland.com\/wp\/wp-content\/uploads\/2015\/04\/noris-160x120.jpg 160w, http:\/\/www.pomerland.com\/wp\/wp-content\/uploads\/2015\/04\/noris-300x225.jpg 300w, http:\/\/www.pomerland.com\/wp\/wp-content\/uploads\/2015\/04\/noris.jpg 600w\" sizes=\"auto, (max-width: 160px) 100vw, 160px\" \/><\/a><\/p>\n<h4>Gorgolyan de Pomerland<\/h4>\n<p>El 28 de octubre de 2007 <span class=\"verde\">Gorgolyan de Pomerland<\/span> ( <strong>Ch. Udol de Pichera<\/strong> x <strong>Ch. Dakota de Pomerland<\/strong> ) se presenta por primera vez a la prueba de BH clasificandose en <strong>segunda posici\u00f3n<\/strong> con una puntuaci\u00f3n de <strong>56<\/strong> sobre 60 puntos posibles.<\/p>\n<p style=\"text-align: center;\"><a href=\"http:\/\/www.pomerland.com\/wp\/wp-content\/uploads\/2015\/04\/gorgolyan.jpg\"><img loading=\"lazy\" decoding=\"async\" width=\"160\" height=\"120\" class=\"alignnone size-thumbnail wp-image-414\" src=\"http:\/\/www.pomerland.com\/wp\/wp-content\/uploads\/2015\/04\/gorgolyan-160x120.jpg\" alt=\"Gorgolyan de Pomerland\" \/><\/a><\/p>\n<h4>Ch. Merl\u00edn de Pomerland<\/h4>\n<p>El 28 de Diciembre de 2008 <strong>Ch. Merl\u00edn de Pomerland <\/strong>( <strong>Ch. Puskin de Pomerland<\/strong> x <strong>Chilwa de los Chulapos<\/strong> ) se present\u00f3 por vez primera a la prueba de <strong>BH<\/strong> en el <strong>Centro Canino Bocal\u00e1n<\/strong> clasific\u00e1ndose en\u00a0 <strong>primera posici\u00f3n<\/strong> con una <strong>puntuaci\u00f3n de 58<\/strong> sobre 60 puntos posibles.<\/p>\n<p style=\"text-align: center;\"><a href=\"http:\/\/www.pomerland.com\/wp\/wp-content\/uploads\/2015\/04\/merlin.jpg\"><img loading=\"lazy\" decoding=\"async\" width=\"160\" height=\"120\" class=\"alignnone size-thumbnail wp-image-415\" src=\"http:\/\/www.pomerland.com\/wp\/wp-content\/uploads\/2015\/04\/merlin-160x120.jpg\" alt=\"Merl\u00edn de Pomerland\" \/><\/a><\/p>\n<p><\/p>","protected":false},"excerpt":{"rendered":"<p>Ghorgolyan de Pomerland El d\u00eda 16 de Enero de 2016 Ghorgolyan de Pomerland fue presentado por su gu\u00eda Elisa Lillo a la prueba de BH celebrada en el Centro Deportivo CCAM99. Su puntuaci\u00f3n fue APTO. Dakota de Pomerland El dia 04 de Abril de 2004 Dakota de Pomerland se present\u00f3 a la prueba de BH&#8230;  <a href=\"http:\/\/www.pomerland.com\/wp\/es\/bh-2\/\" class=\"more-link\" title=\"Read BH\">Read more &raquo;<\/a><\/p>\n","protected":false},"author":1,"featured_media":0,"parent":0,"menu_order":0,"comment_status":"open","ping_status":"closed","template":"page-full-width.php","meta":{"footnotes":""},"class_list":["post-422","page","type-page","status-publish","hentry"],"_links":{"self":[{"href":"http:\/\/www.pomerland.com\/wp\/es\/wp-json\/wp\/v2\/pages\/422","targetHints":{"allow":["GET"]}}],"collection":[{"href":"http:\/\/www.pomerland.com\/wp\/es\/wp-json\/wp\/v2\/pages"}],"about":[{"href":"http:\/\/www.pomerland.com\/wp\/es\/wp-json\/wp\/v2\/types\/page"}],"author":[{"embeddable":true,"href":"http:\/\/www.pomerland.com\/wp\/es\/wp-json\/wp\/v2\/users\/1"}],"replies":[{"embeddable":true,"href":"http:\/\/www.pomerland.com\/wp\/es\/wp-json\/wp\/v2\/comments?post=422"}],"version-history":[{"count":5,"href":"http:\/\/www.pomerland.com\/wp\/es\/wp-json\/wp\/v2\/pages\/422\/revisions"}],"predecessor-version":[{"id":1426,"href":"http:\/\/www.pomerland.com\/wp\/es\/wp-json\/wp\/v2\/pages\/422\/revisions\/1426"}],"wp:attachment":[{"href":"http:\/\/www.pomerland.com\/wp\/es\/wp-json\/wp\/v2\/media?parent=422"}],"curies":[{"name":"wp","href":"https:\/\/api.w.org\/{rel}","templated":true}]}}